{"id":24817,"date":"2025-05-13T10:20:23","date_gmt":"2025-05-13T08:20:23","guid":{"rendered":"https:\/\/agropartner.marketing-store.hu\/?post_type=product&#038;p=24817"},"modified":"2025-05-13T10:20:23","modified_gmt":"2025-05-13T08:20:23","slug":"vogel-noot-xms-1050","status":"publish","type":"product","link":"https:\/\/agropartner.marketing-store.hu\/ro\/termek\/vogel-noot-xms-1050\/","title":{"rendered":"Vogel-Noot XMS 1050"},"content":{"rendered":"","protected":false},"excerpt":{"rendered":"<p>4 fejes v\u00e1ltva forgat\u00f3s eke, Mechanikusan v\u00e1ltoztathat\u00f3 fog\u00e1ssz\u00e9less\u00e9g, k\u00e9tutas ford\u00edt\u00f3 munkahenger, robosztus v\u00e1z, bar\u00e1zdav\u00e1g\u00f3 t\u00e1rcs\u00e1k!<\/p>\n","protected":false},"featured_media":24821,"comment_status":"open","ping_status":"closed","template":"","meta":{"_acf_changed":false},"product_brand":[],"product_cat":[28],"product_tag":[],"class_list":{"0":"post-24817","1":"product","2":"type-product","3":"status-publish","4":"has-post-thumbnail","6":"product_cat-munkagepek","8":"first","9":"instock","10":"shipping-taxable","11":"purchasable","12":"product-type-simple"},"acf":[],"_links":{"self":[{"href":"https:\/\/agropartner.marketing-store.hu\/ro\/wp-json\/wp\/v2\/product\/24817","targetHints":{"allow":["GET"]}}],"collection":[{"href":"https:\/\/agropartner.marketing-store.hu\/ro\/wp-json\/wp\/v2\/product"}],"about":[{"href":"https:\/\/agropartner.marketing-store.hu\/ro\/wp-json\/wp\/v2\/types\/product"}],"replies":[{"embeddable":true,"href":"https:\/\/agropartner.marketing-store.hu\/ro\/wp-json\/wp\/v2\/comments?post=24817"}],"wp:featuredmedia":[{"embeddable":true,"href":"https:\/\/agropartner.marketing-store.hu\/ro\/wp-json\/wp\/v2\/media\/24821"}],"wp:attachment":[{"href":"https:\/\/agropartner.marketing-store.hu\/ro\/wp-json\/wp\/v2\/media?parent=24817"}],"wp:term":[{"taxonomy":"product_brand","embeddable":true,"href":"https:\/\/agropartner.marketing-store.hu\/ro\/wp-json\/wp\/v2\/product_brand?post=24817"},{"taxonomy":"product_cat","embeddable":true,"href":"https:\/\/agropartner.marketing-store.hu\/ro\/wp-json\/wp\/v2\/product_cat?post=24817"},{"taxonomy":"product_tag","embeddable":true,"href":"https:\/\/agropartner.marketing-store.hu\/ro\/wp-json\/wp\/v2\/product_tag?post=24817"}],"curies":[{"name":"wp","href":"https:\/\/api.w.org\/{rel}","templated":true}]}}