{"id":24786,"date":"2025-05-13T10:11:16","date_gmt":"2025-05-13T08:11:16","guid":{"rendered":"https:\/\/agropartner.marketing-store.hu\/?post_type=product&#038;p=24786"},"modified":"2025-05-13T10:11:16","modified_gmt":"2025-05-13T08:11:16","slug":"kuhne-krw-6-2","status":"publish","type":"product","link":"https:\/\/agropartner.marketing-store.hu\/ro\/termek\/kuhne-krw-6-2\/","title":{"rendered":"K\u00fchne KRW 6"},"content":{"rendered":"","protected":false},"excerpt":{"rendered":"<p>6 fejes neh\u00e9z \u00e1gyeke, els\u0151 gazd\u00e1t\u00f3l, 40cm fix fog\u00e1ssz\u00e9less\u00e9g, osztott korm\u00e1nylemezek, extr\u00e9m er\u0151s kivitel, jav\u00edt\u00e1smentes v\u00e1z!<\/p>\n","protected":false},"featured_media":24787,"comment_status":"open","ping_status":"closed","template":"","meta":{"_acf_changed":false},"product_brand":[],"product_cat":[15],"product_tag":[],"class_list":{"0":"post-24786","1":"product","2":"type-product","3":"status-publish","4":"has-post-thumbnail","6":"product_cat-egyeb","8":"first","9":"instock","10":"shipping-taxable","11":"purchasable","12":"product-type-simple"},"acf":[],"_links":{"self":[{"href":"https:\/\/agropartner.marketing-store.hu\/ro\/wp-json\/wp\/v2\/product\/24786","targetHints":{"allow":["GET"]}}],"collection":[{"href":"https:\/\/agropartner.marketing-store.hu\/ro\/wp-json\/wp\/v2\/product"}],"about":[{"href":"https:\/\/agropartner.marketing-store.hu\/ro\/wp-json\/wp\/v2\/types\/product"}],"replies":[{"embeddable":true,"href":"https:\/\/agropartner.marketing-store.hu\/ro\/wp-json\/wp\/v2\/comments?post=24786"}],"wp:featuredmedia":[{"embeddable":true,"href":"https:\/\/agropartner.marketing-store.hu\/ro\/wp-json\/wp\/v2\/media\/24787"}],"wp:attachment":[{"href":"https:\/\/agropartner.marketing-store.hu\/ro\/wp-json\/wp\/v2\/media?parent=24786"}],"wp:term":[{"taxonomy":"product_brand","embeddable":true,"href":"https:\/\/agropartner.marketing-store.hu\/ro\/wp-json\/wp\/v2\/product_brand?post=24786"},{"taxonomy":"product_cat","embeddable":true,"href":"https:\/\/agropartner.marketing-store.hu\/ro\/wp-json\/wp\/v2\/product_cat?post=24786"},{"taxonomy":"product_tag","embeddable":true,"href":"https:\/\/agropartner.marketing-store.hu\/ro\/wp-json\/wp\/v2\/product_tag?post=24786"}],"curies":[{"name":"wp","href":"https:\/\/api.w.org\/{rel}","templated":true}]}}