{"id":24627,"date":"2025-05-13T09:49:10","date_gmt":"2025-05-13T07:49:10","guid":{"rendered":"https:\/\/agropartner.marketing-store.hu\/?post_type=product&#038;p=24627"},"modified":"2025-05-13T09:49:10","modified_gmt":"2025-05-13T07:49:10","slug":"huniper-3000-18-vontatott-permetezo","status":"publish","type":"product","link":"https:\/\/agropartner.marketing-store.hu\/ro\/termek\/huniper-3000-18-vontatott-permetezo\/","title":{"rendered":"Huniper 3000\/18 vontatott permetez\u0151"},"content":{"rendered":"","protected":false},"excerpt":{"rendered":"<p>18 m\u00e9teres keret, 3000 literes tart\u00e1ly, magyar gy\u00e1rtm\u00e1ny, kor\u00e1nak megfelel\u0151 m\u0171szaki \u00e1llapot, m\u0171k\u00f6d\u0151k\u00e9pes \u00e1llapotban<\/p>\n","protected":false},"featured_media":24628,"comment_status":"open","ping_status":"closed","template":"","meta":{"_acf_changed":false},"product_brand":[],"product_cat":[37],"product_tag":[],"class_list":{"0":"post-24627","1":"product","2":"type-product","3":"status-publish","4":"has-post-thumbnail","6":"product_cat-permetezo","8":"first","9":"instock","10":"shipping-taxable","11":"purchasable","12":"product-type-simple"},"acf":[],"_links":{"self":[{"href":"https:\/\/agropartner.marketing-store.hu\/ro\/wp-json\/wp\/v2\/product\/24627","targetHints":{"allow":["GET"]}}],"collection":[{"href":"https:\/\/agropartner.marketing-store.hu\/ro\/wp-json\/wp\/v2\/product"}],"about":[{"href":"https:\/\/agropartner.marketing-store.hu\/ro\/wp-json\/wp\/v2\/types\/product"}],"replies":[{"embeddable":true,"href":"https:\/\/agropartner.marketing-store.hu\/ro\/wp-json\/wp\/v2\/comments?post=24627"}],"wp:featuredmedia":[{"embeddable":true,"href":"https:\/\/agropartner.marketing-store.hu\/ro\/wp-json\/wp\/v2\/media\/24628"}],"wp:attachment":[{"href":"https:\/\/agropartner.marketing-store.hu\/ro\/wp-json\/wp\/v2\/media?parent=24627"}],"wp:term":[{"taxonomy":"product_brand","embeddable":true,"href":"https:\/\/agropartner.marketing-store.hu\/ro\/wp-json\/wp\/v2\/product_brand?post=24627"},{"taxonomy":"product_cat","embeddable":true,"href":"https:\/\/agropartner.marketing-store.hu\/ro\/wp-json\/wp\/v2\/product_cat?post=24627"},{"taxonomy":"product_tag","embeddable":true,"href":"https:\/\/agropartner.marketing-store.hu\/ro\/wp-json\/wp\/v2\/product_tag?post=24627"}],"curies":[{"name":"wp","href":"https:\/\/api.w.org\/{rel}","templated":true}]}}