{"id":24423,"date":"2025-05-12T15:17:07","date_gmt":"2025-05-12T13:17:07","guid":{"rendered":"https:\/\/agropartner.marketing-store.hu\/?post_type=product&#038;p=24423"},"modified":"2025-05-12T15:17:08","modified_gmt":"2025-05-12T13:17:08","slug":"zurn-napraforgo-toldat","status":"publish","type":"product","link":"https:\/\/agropartner.marketing-store.hu\/ro\/termek\/zurn-napraforgo-toldat\/","title":{"rendered":"Z\u00fcrn napraforg\u00f3 toldat"},"content":{"rendered":"","protected":false},"excerpt":{"rendered":"<p>Z\u00fcrn SBV Napraforg\u00f3 toldat John Deere 625X asztalhoz, \u00fajszer\u0171 \u00e1llapotban elad\u00f3 sok kieg\u00e9sz\u00edt\u0151 alkatr\u00e9sszel.<\/p>\n","protected":false},"featured_media":24433,"comment_status":"open","ping_status":"closed","template":"","meta":{"_acf_changed":false},"product_brand":[],"product_cat":[30],"product_tag":[],"class_list":{"0":"post-24423","1":"product","2":"type-product","3":"status-publish","4":"has-post-thumbnail","6":"product_cat-kiegeszito","8":"first","9":"instock","10":"shipping-taxable","11":"purchasable","12":"product-type-simple"},"acf":[],"_links":{"self":[{"href":"https:\/\/agropartner.marketing-store.hu\/ro\/wp-json\/wp\/v2\/product\/24423","targetHints":{"allow":["GET"]}}],"collection":[{"href":"https:\/\/agropartner.marketing-store.hu\/ro\/wp-json\/wp\/v2\/product"}],"about":[{"href":"https:\/\/agropartner.marketing-store.hu\/ro\/wp-json\/wp\/v2\/types\/product"}],"replies":[{"embeddable":true,"href":"https:\/\/agropartner.marketing-store.hu\/ro\/wp-json\/wp\/v2\/comments?post=24423"}],"wp:featuredmedia":[{"embeddable":true,"href":"https:\/\/agropartner.marketing-store.hu\/ro\/wp-json\/wp\/v2\/media\/24433"}],"wp:attachment":[{"href":"https:\/\/agropartner.marketing-store.hu\/ro\/wp-json\/wp\/v2\/media?parent=24423"}],"wp:term":[{"taxonomy":"product_brand","embeddable":true,"href":"https:\/\/agropartner.marketing-store.hu\/ro\/wp-json\/wp\/v2\/product_brand?post=24423"},{"taxonomy":"product_cat","embeddable":true,"href":"https:\/\/agropartner.marketing-store.hu\/ro\/wp-json\/wp\/v2\/product_cat?post=24423"},{"taxonomy":"product_tag","embeddable":true,"href":"https:\/\/agropartner.marketing-store.hu\/ro\/wp-json\/wp\/v2\/product_tag?post=24423"}],"curies":[{"name":"wp","href":"https:\/\/api.w.org\/{rel}","templated":true}]}}