{"id":24214,"date":"2025-05-12T15:00:54","date_gmt":"2025-05-12T13:00:54","guid":{"rendered":"https:\/\/agropartner.marketing-store.hu\/?post_type=product&#038;p=24214"},"modified":"2025-09-08T10:34:36","modified_gmt":"2025-09-08T08:34:36","slug":"kuhn-ga-4731t-rendsodro","status":"publish","type":"product","link":"https:\/\/agropartner.marketing-store.hu\/ro\/termek\/kuhn-ga-4731t-rendsodro\/","title":{"rendered":"Kuhn GA 4731T rendsodr\u00f3"},"content":{"rendered":"","protected":false},"excerpt":{"rendered":"<p>FIZESSEN AK\u00c1R TERM\u00c9NNYEL, vagy v\u00e1s\u00e1roljon l\u00edzingre 10% + \u00c1fa \u00f6ner\u0151vel! Munkasz\u00e9less\u00e9g (m) 4,65<\/p>\n<p>Meger\u0151s\u00edtett f\u0151 tengely, Gumiabroncsok minden rotorn\u00e1l:16&#215;6,50-8, \u00c1tlagos rendsz\u00e9less\u00e9g (m) 0,70-1,50<\/p>\n","protected":false},"featured_media":24224,"comment_status":"open","ping_status":"closed","template":"","meta":{"_acf_changed":false},"product_brand":[],"product_cat":[28],"product_tag":[],"class_list":{"0":"post-24214","1":"product","2":"type-product","3":"status-publish","4":"has-post-thumbnail","6":"product_cat-munkagepek","8":"first","9":"instock","10":"shipping-taxable","11":"purchasable","12":"product-type-simple"},"acf":[],"_links":{"self":[{"href":"https:\/\/agropartner.marketing-store.hu\/ro\/wp-json\/wp\/v2\/product\/24214","targetHints":{"allow":["GET"]}}],"collection":[{"href":"https:\/\/agropartner.marketing-store.hu\/ro\/wp-json\/wp\/v2\/product"}],"about":[{"href":"https:\/\/agropartner.marketing-store.hu\/ro\/wp-json\/wp\/v2\/types\/product"}],"replies":[{"embeddable":true,"href":"https:\/\/agropartner.marketing-store.hu\/ro\/wp-json\/wp\/v2\/comments?post=24214"}],"wp:featuredmedia":[{"embeddable":true,"href":"https:\/\/agropartner.marketing-store.hu\/ro\/wp-json\/wp\/v2\/media\/24224"}],"wp:attachment":[{"href":"https:\/\/agropartner.marketing-store.hu\/ro\/wp-json\/wp\/v2\/media?parent=24214"}],"wp:term":[{"taxonomy":"product_brand","embeddable":true,"href":"https:\/\/agropartner.marketing-store.hu\/ro\/wp-json\/wp\/v2\/product_brand?post=24214"},{"taxonomy":"product_cat","embeddable":true,"href":"https:\/\/agropartner.marketing-store.hu\/ro\/wp-json\/wp\/v2\/product_cat?post=24214"},{"taxonomy":"product_tag","embeddable":true,"href":"https:\/\/agropartner.marketing-store.hu\/ro\/wp-json\/wp\/v2\/product_tag?post=24214"}],"curies":[{"name":"wp","href":"https:\/\/api.w.org\/{rel}","templated":true}]}}