{"id":24072,"date":"2025-05-12T14:55:49","date_gmt":"2025-05-12T12:55:49","guid":{"rendered":"https:\/\/agropartner.marketing-store.hu\/?post_type=product&#038;p=24072"},"modified":"2025-09-08T10:45:37","modified_gmt":"2025-09-08T08:45:37","slug":"kuhn-gmd-3123f-kasza","status":"publish","type":"product","link":"https:\/\/agropartner.marketing-store.hu\/ro\/termek\/kuhn-gmd-3123f-kasza\/","title":{"rendered":"Kuhn GMD 3123F kasza"},"content":{"rendered":"","protected":false},"excerpt":{"rendered":"<p>FIZESSEN AK\u00c1R TERM\u00c9NNYEL, vagy v\u00e1s\u00e1roljon l\u00edzingre 10% + \u00c1fa \u00f6ner\u0151vel! Munkasz\u00e9less\u00e9g kaszaegys\u00e9genk\u00e9nt (m) 3,10, Rendsz\u00e9less\u00e9g (m)1,30 &#8211; 1,40, Minim\u00e1lis TLT-teljes\u00edtm\u00e9nyig\u00e9ny (kW\/LE) 32 \/ 43<\/p>\n","protected":false},"featured_media":24133,"comment_status":"open","ping_status":"closed","template":"","meta":{"_acf_changed":false},"product_brand":[],"product_cat":[28],"product_tag":[],"class_list":{"0":"post-24072","1":"product","2":"type-product","3":"status-publish","4":"has-post-thumbnail","6":"product_cat-munkagepek","8":"first","9":"instock","10":"shipping-taxable","11":"purchasable","12":"product-type-simple"},"acf":[],"_links":{"self":[{"href":"https:\/\/agropartner.marketing-store.hu\/ro\/wp-json\/wp\/v2\/product\/24072","targetHints":{"allow":["GET"]}}],"collection":[{"href":"https:\/\/agropartner.marketing-store.hu\/ro\/wp-json\/wp\/v2\/product"}],"about":[{"href":"https:\/\/agropartner.marketing-store.hu\/ro\/wp-json\/wp\/v2\/types\/product"}],"replies":[{"embeddable":true,"href":"https:\/\/agropartner.marketing-store.hu\/ro\/wp-json\/wp\/v2\/comments?post=24072"}],"wp:featuredmedia":[{"embeddable":true,"href":"https:\/\/agropartner.marketing-store.hu\/ro\/wp-json\/wp\/v2\/media\/24133"}],"wp:attachment":[{"href":"https:\/\/agropartner.marketing-store.hu\/ro\/wp-json\/wp\/v2\/media?parent=24072"}],"wp:term":[{"taxonomy":"product_brand","embeddable":true,"href":"https:\/\/agropartner.marketing-store.hu\/ro\/wp-json\/wp\/v2\/product_brand?post=24072"},{"taxonomy":"product_cat","embeddable":true,"href":"https:\/\/agropartner.marketing-store.hu\/ro\/wp-json\/wp\/v2\/product_cat?post=24072"},{"taxonomy":"product_tag","embeddable":true,"href":"https:\/\/agropartner.marketing-store.hu\/ro\/wp-json\/wp\/v2\/product_tag?post=24072"}],"curies":[{"name":"wp","href":"https:\/\/api.w.org\/{rel}","templated":true}]}}