{"id":23999,"date":"2025-05-09T15:55:41","date_gmt":"2025-05-09T13:55:41","guid":{"rendered":"https:\/\/agropartner.marketing-store.hu\/?post_type=product&#038;p=23999"},"modified":"2025-07-23T10:31:16","modified_gmt":"2025-07-23T08:31:16","slug":"hydr-egge-kombinator","status":"publish","type":"product","link":"https:\/\/agropartner.marketing-store.hu\/ro\/termek\/hydr-egge-kombinator\/","title":{"rendered":"Hydr.Egge kombin\u00e1tor"},"content":{"rendered":"","protected":false},"excerpt":{"rendered":"<p>4,2 m\u00e9teres f\u00fcggesztett kombin\u00e1tor, dupla h\u00e1ts\u00f3 r\u00f6gt\u00f6r\u0151 hengersor, hidraulikus nyit\u00e1s-z\u00e1r\u00e1s!<\/p>\n","protected":false},"featured_media":24000,"comment_status":"open","ping_status":"closed","template":"","meta":{"_acf_changed":false},"product_brand":[],"product_cat":[28],"product_tag":[],"class_list":{"0":"post-23999","1":"product","2":"type-product","3":"status-publish","4":"has-post-thumbnail","6":"product_cat-munkagepek","8":"first","9":"instock","10":"shipping-taxable","11":"purchasable","12":"product-type-simple"},"acf":[],"_links":{"self":[{"href":"https:\/\/agropartner.marketing-store.hu\/ro\/wp-json\/wp\/v2\/product\/23999","targetHints":{"allow":["GET"]}}],"collection":[{"href":"https:\/\/agropartner.marketing-store.hu\/ro\/wp-json\/wp\/v2\/product"}],"about":[{"href":"https:\/\/agropartner.marketing-store.hu\/ro\/wp-json\/wp\/v2\/types\/product"}],"replies":[{"embeddable":true,"href":"https:\/\/agropartner.marketing-store.hu\/ro\/wp-json\/wp\/v2\/comments?post=23999"}],"wp:featuredmedia":[{"embeddable":true,"href":"https:\/\/agropartner.marketing-store.hu\/ro\/wp-json\/wp\/v2\/media\/24000"}],"wp:attachment":[{"href":"https:\/\/agropartner.marketing-store.hu\/ro\/wp-json\/wp\/v2\/media?parent=23999"}],"wp:term":[{"taxonomy":"product_brand","embeddable":true,"href":"https:\/\/agropartner.marketing-store.hu\/ro\/wp-json\/wp\/v2\/product_brand?post=23999"},{"taxonomy":"product_cat","embeddable":true,"href":"https:\/\/agropartner.marketing-store.hu\/ro\/wp-json\/wp\/v2\/product_cat?post=23999"},{"taxonomy":"product_tag","embeddable":true,"href":"https:\/\/agropartner.marketing-store.hu\/ro\/wp-json\/wp\/v2\/product_tag?post=23999"}],"curies":[{"name":"wp","href":"https:\/\/api.w.org\/{rel}","templated":true}]}}