{"id":38799,"date":"2025-09-12T09:52:20","date_gmt":"2025-09-12T07:52:20","guid":{"rendered":"https:\/\/agropartner.marketing-store.hu\/?post_type=product&#038;p=38799"},"modified":"2025-09-12T09:52:24","modified_gmt":"2025-09-12T07:52:24","slug":"landini-5-100h-traktor","status":"publish","type":"product","link":"https:\/\/agropartner.marketing-store.hu\/en\/termek\/landini-5-100h-traktor\/","title":{"rendered":"Landini 5-100H traktor"},"content":{"rendered":"","protected":false},"excerpt":{"rendered":"<p>V\u00e1s\u00e1roljon l\u00edzingre 10%+\u00c1fa \u00f6ner\u0151vel! 4 hengeres gazdas\u00e1gos Perkins motor, kl\u00edma, p\u00f3ts\u00falyok, h\u00e1ts\u00f3 s\u00e1rv\u00e9d\u0151re kihelyezett vez\u00e9rl\u0151 gombok, l\u00e9gf\u00e9k<\/p>\n","protected":false},"featured_media":38800,"comment_status":"open","ping_status":"closed","template":"","meta":{"_acf_changed":false},"product_brand":[],"product_cat":[39],"product_tag":[],"class_list":{"0":"post-38799","1":"product","2":"type-product","3":"status-publish","4":"has-post-thumbnail","6":"product_cat-traktor","8":"first","9":"instock","10":"shipping-taxable","11":"purchasable","12":"product-type-simple"},"acf":[],"_links":{"self":[{"href":"https:\/\/agropartner.marketing-store.hu\/en\/wp-json\/wp\/v2\/product\/38799","targetHints":{"allow":["GET"]}}],"collection":[{"href":"https:\/\/agropartner.marketing-store.hu\/en\/wp-json\/wp\/v2\/product"}],"about":[{"href":"https:\/\/agropartner.marketing-store.hu\/en\/wp-json\/wp\/v2\/types\/product"}],"replies":[{"embeddable":true,"href":"https:\/\/agropartner.marketing-store.hu\/en\/wp-json\/wp\/v2\/comments?post=38799"}],"wp:featuredmedia":[{"embeddable":true,"href":"https:\/\/agropartner.marketing-store.hu\/en\/wp-json\/wp\/v2\/media\/38800"}],"wp:attachment":[{"href":"https:\/\/agropartner.marketing-store.hu\/en\/wp-json\/wp\/v2\/media?parent=38799"}],"wp:term":[{"taxonomy":"product_brand","embeddable":true,"href":"https:\/\/agropartner.marketing-store.hu\/en\/wp-json\/wp\/v2\/product_brand?post=38799"},{"taxonomy":"product_cat","embeddable":true,"href":"https:\/\/agropartner.marketing-store.hu\/en\/wp-json\/wp\/v2\/product_cat?post=38799"},{"taxonomy":"product_tag","embeddable":true,"href":"https:\/\/agropartner.marketing-store.hu\/en\/wp-json\/wp\/v2\/product_tag?post=38799"}],"curies":[{"name":"wp","href":"https:\/\/api.w.org\/{rel}","templated":true}]}}