{"id":38584,"date":"2025-09-09T15:36:20","date_gmt":"2025-09-09T13:36:20","guid":{"rendered":"https:\/\/agropartner.marketing-store.hu\/?post_type=product&#038;p=38584"},"modified":"2025-09-09T15:36:55","modified_gmt":"2025-09-09T13:36:55","slug":"sipma-os-7510-klara-balacsomagolo","status":"publish","type":"product","link":"https:\/\/agropartner.marketing-store.hu\/en\/termek\/sipma-os-7510-klara-balacsomagolo\/","title":{"rendered":"Sipma OS 7510 Klara b\u00e1lacsomagol\u00f3"},"content":{"rendered":"","protected":false},"excerpt":{"rendered":"<p>Massz\u00edv v\u00e1z, univerz\u00e1lis f\u00f3liaadagol\u00f3, rec\u00e9zett alum\u00ednium g\u00f6rg\u0151k, \u00f6nrak\u00f3s kivitel, b\u00e1lasz\u00e1m: 100 db<\/p>\n","protected":false},"featured_media":38586,"comment_status":"open","ping_status":"closed","template":"","meta":{"_acf_changed":false},"product_brand":[],"product_cat":[28],"product_tag":[],"class_list":{"0":"post-38584","1":"product","2":"type-product","3":"status-publish","4":"has-post-thumbnail","6":"product_cat-munkagepek","8":"first","9":"instock","10":"shipping-taxable","11":"purchasable","12":"product-type-simple"},"acf":[],"_links":{"self":[{"href":"https:\/\/agropartner.marketing-store.hu\/en\/wp-json\/wp\/v2\/product\/38584","targetHints":{"allow":["GET"]}}],"collection":[{"href":"https:\/\/agropartner.marketing-store.hu\/en\/wp-json\/wp\/v2\/product"}],"about":[{"href":"https:\/\/agropartner.marketing-store.hu\/en\/wp-json\/wp\/v2\/types\/product"}],"replies":[{"embeddable":true,"href":"https:\/\/agropartner.marketing-store.hu\/en\/wp-json\/wp\/v2\/comments?post=38584"}],"wp:featuredmedia":[{"embeddable":true,"href":"https:\/\/agropartner.marketing-store.hu\/en\/wp-json\/wp\/v2\/media\/38586"}],"wp:attachment":[{"href":"https:\/\/agropartner.marketing-store.hu\/en\/wp-json\/wp\/v2\/media?parent=38584"}],"wp:term":[{"taxonomy":"product_brand","embeddable":true,"href":"https:\/\/agropartner.marketing-store.hu\/en\/wp-json\/wp\/v2\/product_brand?post=38584"},{"taxonomy":"product_cat","embeddable":true,"href":"https:\/\/agropartner.marketing-store.hu\/en\/wp-json\/wp\/v2\/product_cat?post=38584"},{"taxonomy":"product_tag","embeddable":true,"href":"https:\/\/agropartner.marketing-store.hu\/en\/wp-json\/wp\/v2\/product_tag?post=38584"}],"curies":[{"name":"wp","href":"https:\/\/api.w.org\/{rel}","templated":true}]}}