{"id":38085,"date":"2025-09-02T13:59:35","date_gmt":"2025-09-02T11:59:35","guid":{"rendered":"https:\/\/agropartner.marketing-store.hu\/?post_type=product&#038;p=38085"},"modified":"2025-09-02T13:59:36","modified_gmt":"2025-09-02T11:59:36","slug":"lemken-saphir-7","status":"publish","type":"product","link":"https:\/\/agropartner.marketing-store.hu\/en\/termek\/lemken-saphir-7\/","title":{"rendered":"Lemken Saphir 7"},"content":{"rendered":"","protected":false},"excerpt":{"rendered":"<p>Ak\u00e1r L\u00cdZINGRE 10% + \u00c1FA \u00d6NER\u0150VEL! Lemken Zirkon 8 forg\u00f3kap\u00e1kkal, gy\u00e1ri szersz\u00e1mk\u00e9szlettel, Easytronic fed\u00e9lzeti sz\u00e1m\u00edt\u00f3g\u00e9ppel, munkak\u00e9sz \u00e1llapotban!<\/p>\n","protected":false},"featured_media":38095,"comment_status":"open","ping_status":"closed","template":"","meta":{"_acf_changed":false},"product_brand":[],"product_cat":[28],"product_tag":[],"class_list":{"0":"post-38085","1":"product","2":"type-product","3":"status-publish","4":"has-post-thumbnail","6":"product_cat-munkagepek","8":"first","9":"instock","10":"shipping-taxable","11":"purchasable","12":"product-type-simple"},"acf":[],"_links":{"self":[{"href":"https:\/\/agropartner.marketing-store.hu\/en\/wp-json\/wp\/v2\/product\/38085","targetHints":{"allow":["GET"]}}],"collection":[{"href":"https:\/\/agropartner.marketing-store.hu\/en\/wp-json\/wp\/v2\/product"}],"about":[{"href":"https:\/\/agropartner.marketing-store.hu\/en\/wp-json\/wp\/v2\/types\/product"}],"replies":[{"embeddable":true,"href":"https:\/\/agropartner.marketing-store.hu\/en\/wp-json\/wp\/v2\/comments?post=38085"}],"wp:featuredmedia":[{"embeddable":true,"href":"https:\/\/agropartner.marketing-store.hu\/en\/wp-json\/wp\/v2\/media\/38095"}],"wp:attachment":[{"href":"https:\/\/agropartner.marketing-store.hu\/en\/wp-json\/wp\/v2\/media?parent=38085"}],"wp:term":[{"taxonomy":"product_brand","embeddable":true,"href":"https:\/\/agropartner.marketing-store.hu\/en\/wp-json\/wp\/v2\/product_brand?post=38085"},{"taxonomy":"product_cat","embeddable":true,"href":"https:\/\/agropartner.marketing-store.hu\/en\/wp-json\/wp\/v2\/product_cat?post=38085"},{"taxonomy":"product_tag","embeddable":true,"href":"https:\/\/agropartner.marketing-store.hu\/en\/wp-json\/wp\/v2\/product_tag?post=38085"}],"curies":[{"name":"wp","href":"https:\/\/api.w.org\/{rel}","templated":true}]}}