{"id":37817,"date":"2025-08-22T13:41:31","date_gmt":"2025-08-22T11:41:31","guid":{"rendered":"https:\/\/agropartner.marketing-store.hu\/?post_type=product&#038;p=37817"},"modified":"2025-08-25T11:41:23","modified_gmt":"2025-08-25T09:41:23","slug":"mtz-892-2-traktor","status":"publish","type":"product","link":"https:\/\/agropartner.marketing-store.hu\/en\/termek\/mtz-892-2-traktor\/","title":{"rendered":"MTZ 892.2 traktor"},"content":{"rendered":"","protected":false},"excerpt":{"rendered":"<p>Ak\u00e1r L\u00cdZINGRE 10% + \u00c1FA \u00d6NER\u0150VEL! Kl\u00edm\u00e1s, magyarorsz\u00e1gi, els\u0151 gazd\u00e1t\u00f3l, Homlokrakod\u00f3val \u00e9s b\u00e1lat\u00fcsk\u00e9vel. 3 p\u00e1r hidraulika k\u00f6r, egyenes hidas, l\u00e9gf\u00e9k, fekete rendsz\u00e1m.<\/p>\n","protected":false},"featured_media":37818,"comment_status":"open","ping_status":"closed","template":"","meta":{"_acf_changed":false},"product_brand":[],"product_cat":[39],"product_tag":[],"class_list":{"0":"post-37817","1":"product","2":"type-product","3":"status-publish","4":"has-post-thumbnail","6":"product_cat-traktor","8":"first","9":"instock","10":"shipping-taxable","11":"purchasable","12":"product-type-simple"},"acf":[],"_links":{"self":[{"href":"https:\/\/agropartner.marketing-store.hu\/en\/wp-json\/wp\/v2\/product\/37817","targetHints":{"allow":["GET"]}}],"collection":[{"href":"https:\/\/agropartner.marketing-store.hu\/en\/wp-json\/wp\/v2\/product"}],"about":[{"href":"https:\/\/agropartner.marketing-store.hu\/en\/wp-json\/wp\/v2\/types\/product"}],"replies":[{"embeddable":true,"href":"https:\/\/agropartner.marketing-store.hu\/en\/wp-json\/wp\/v2\/comments?post=37817"}],"wp:featuredmedia":[{"embeddable":true,"href":"https:\/\/agropartner.marketing-store.hu\/en\/wp-json\/wp\/v2\/media\/37818"}],"wp:attachment":[{"href":"https:\/\/agropartner.marketing-store.hu\/en\/wp-json\/wp\/v2\/media?parent=37817"}],"wp:term":[{"taxonomy":"product_brand","embeddable":true,"href":"https:\/\/agropartner.marketing-store.hu\/en\/wp-json\/wp\/v2\/product_brand?post=37817"},{"taxonomy":"product_cat","embeddable":true,"href":"https:\/\/agropartner.marketing-store.hu\/en\/wp-json\/wp\/v2\/product_cat?post=37817"},{"taxonomy":"product_tag","embeddable":true,"href":"https:\/\/agropartner.marketing-store.hu\/en\/wp-json\/wp\/v2\/product_tag?post=37817"}],"curies":[{"name":"wp","href":"https:\/\/api.w.org\/{rel}","templated":true}]}}