{"id":37603,"date":"2025-08-05T09:36:27","date_gmt":"2025-08-05T07:36:27","guid":{"rendered":"https:\/\/agropartner.marketing-store.hu\/?post_type=product&#038;p=37603"},"modified":"2025-08-05T09:36:27","modified_gmt":"2025-08-05T07:36:27","slug":"kuhn-m863-mutragyaszoro","status":"publish","type":"product","link":"https:\/\/agropartner.marketing-store.hu\/en\/termek\/kuhn-m863-mutragyaszoro\/","title":{"rendered":"Kuhn M863 m\u0171tr\u00e1gyasz\u00f3r\u00f3"},"content":{"rendered":"","protected":false},"excerpt":{"rendered":"<p>1500 liter \u0171rtartalm\u00fa m\u0171tr\u00e1gyatart\u00e1ly, 24 m\u00e9teres sz\u00f3r\u00e1si sz\u00e9less\u00e9g, 1000 kg teherb\u00edr\u00e1s\u00fa daruval, r\u00e1ccsal<\/p>\n","protected":false},"featured_media":37610,"comment_status":"open","ping_status":"closed","template":"","meta":{"_acf_changed":false},"product_brand":[],"product_cat":[28],"product_tag":[],"class_list":{"0":"post-37603","1":"product","2":"type-product","3":"status-publish","4":"has-post-thumbnail","6":"product_cat-munkagepek","8":"first","9":"instock","10":"shipping-taxable","11":"purchasable","12":"product-type-simple"},"acf":[],"_links":{"self":[{"href":"https:\/\/agropartner.marketing-store.hu\/en\/wp-json\/wp\/v2\/product\/37603","targetHints":{"allow":["GET"]}}],"collection":[{"href":"https:\/\/agropartner.marketing-store.hu\/en\/wp-json\/wp\/v2\/product"}],"about":[{"href":"https:\/\/agropartner.marketing-store.hu\/en\/wp-json\/wp\/v2\/types\/product"}],"replies":[{"embeddable":true,"href":"https:\/\/agropartner.marketing-store.hu\/en\/wp-json\/wp\/v2\/comments?post=37603"}],"wp:featuredmedia":[{"embeddable":true,"href":"https:\/\/agropartner.marketing-store.hu\/en\/wp-json\/wp\/v2\/media\/37610"}],"wp:attachment":[{"href":"https:\/\/agropartner.marketing-store.hu\/en\/wp-json\/wp\/v2\/media?parent=37603"}],"wp:term":[{"taxonomy":"product_brand","embeddable":true,"href":"https:\/\/agropartner.marketing-store.hu\/en\/wp-json\/wp\/v2\/product_brand?post=37603"},{"taxonomy":"product_cat","embeddable":true,"href":"https:\/\/agropartner.marketing-store.hu\/en\/wp-json\/wp\/v2\/product_cat?post=37603"},{"taxonomy":"product_tag","embeddable":true,"href":"https:\/\/agropartner.marketing-store.hu\/en\/wp-json\/wp\/v2\/product_tag?post=37603"}],"curies":[{"name":"wp","href":"https:\/\/api.w.org\/{rel}","templated":true}]}}