{"id":37062,"date":"2025-07-14T09:57:24","date_gmt":"2025-07-14T07:57:24","guid":{"rendered":"https:\/\/agropartner.marketing-store.hu\/?post_type=product&#038;p=37062"},"modified":"2025-07-23T14:20:55","modified_gmt":"2025-07-23T12:20:55","slug":"john-deere-9460-rt","status":"publish","type":"product","link":"https:\/\/agropartner.marketing-store.hu\/en\/termek\/john-deere-9460-rt\/","title":{"rendered":"John Deere 9460 RT"},"content":{"rendered":"","protected":false},"excerpt":{"rendered":"<p>Ak\u00e1r L\u00cdZINGRE 10% + \u00c1FA \u00d6NER\u0150VEL! b\u0151r pr\u00e9mium \u00fcl\u00e9s, 18\/6 Powershift v\u00e1lt\u00f3, kl\u00edma, orrs\u00faly, ker\u00e9ks\u00faly, Teljes automata korm\u00e1nyz\u00e1ssal<\/p>\n","protected":false},"featured_media":37063,"comment_status":"open","ping_status":"closed","template":"","meta":{"_acf_changed":false},"product_brand":[],"product_cat":[39],"product_tag":[],"class_list":{"0":"post-37062","1":"product","2":"type-product","3":"status-publish","4":"has-post-thumbnail","6":"product_cat-traktor","8":"first","9":"instock","10":"shipping-taxable","11":"purchasable","12":"product-type-simple"},"acf":[],"_links":{"self":[{"href":"https:\/\/agropartner.marketing-store.hu\/en\/wp-json\/wp\/v2\/product\/37062","targetHints":{"allow":["GET"]}}],"collection":[{"href":"https:\/\/agropartner.marketing-store.hu\/en\/wp-json\/wp\/v2\/product"}],"about":[{"href":"https:\/\/agropartner.marketing-store.hu\/en\/wp-json\/wp\/v2\/types\/product"}],"replies":[{"embeddable":true,"href":"https:\/\/agropartner.marketing-store.hu\/en\/wp-json\/wp\/v2\/comments?post=37062"}],"wp:featuredmedia":[{"embeddable":true,"href":"https:\/\/agropartner.marketing-store.hu\/en\/wp-json\/wp\/v2\/media\/37063"}],"wp:attachment":[{"href":"https:\/\/agropartner.marketing-store.hu\/en\/wp-json\/wp\/v2\/media?parent=37062"}],"wp:term":[{"taxonomy":"product_brand","embeddable":true,"href":"https:\/\/agropartner.marketing-store.hu\/en\/wp-json\/wp\/v2\/product_brand?post=37062"},{"taxonomy":"product_cat","embeddable":true,"href":"https:\/\/agropartner.marketing-store.hu\/en\/wp-json\/wp\/v2\/product_cat?post=37062"},{"taxonomy":"product_tag","embeddable":true,"href":"https:\/\/agropartner.marketing-store.hu\/en\/wp-json\/wp\/v2\/product_tag?post=37062"}],"curies":[{"name":"wp","href":"https:\/\/api.w.org\/{rel}","templated":true}]}}