{"id":36576,"date":"2025-07-01T11:08:14","date_gmt":"2025-07-01T09:08:14","guid":{"rendered":"https:\/\/agropartner.marketing-store.hu\/?post_type=product&#038;p=36576"},"modified":"2025-07-01T11:08:14","modified_gmt":"2025-07-01T09:08:14","slug":"john-deere-854-maxicut-balazo","status":"publish","type":"product","link":"https:\/\/agropartner.marketing-store.hu\/en\/termek\/john-deere-854-maxicut-balazo\/","title":{"rendered":"John Deere 854 MaxiCut b\u00e1l\u00e1z\u00f3"},"content":{"rendered":"","protected":false},"excerpt":{"rendered":"<p>John Deere monitor, CoverEdge h\u00e1l\u00f3s k\u00f6t\u00f6z\u00e9s, automata ken\u00e9s, 6 db v\u00e9gtelen\u00edtett heveder, \u00f6ssz.: 33.024 db b\u00e1la, 14 db k\u00e9s<\/p>\n","protected":false},"featured_media":36577,"comment_status":"open","ping_status":"closed","template":"","meta":{"_acf_changed":false},"product_brand":[],"product_cat":[73],"product_tag":[],"class_list":{"0":"post-36576","1":"product","2":"type-product","3":"status-publish","4":"has-post-thumbnail","6":"product_cat-balazo","8":"first","9":"instock","10":"shipping-taxable","11":"purchasable","12":"product-type-simple"},"acf":[],"_links":{"self":[{"href":"https:\/\/agropartner.marketing-store.hu\/en\/wp-json\/wp\/v2\/product\/36576","targetHints":{"allow":["GET"]}}],"collection":[{"href":"https:\/\/agropartner.marketing-store.hu\/en\/wp-json\/wp\/v2\/product"}],"about":[{"href":"https:\/\/agropartner.marketing-store.hu\/en\/wp-json\/wp\/v2\/types\/product"}],"replies":[{"embeddable":true,"href":"https:\/\/agropartner.marketing-store.hu\/en\/wp-json\/wp\/v2\/comments?post=36576"}],"wp:featuredmedia":[{"embeddable":true,"href":"https:\/\/agropartner.marketing-store.hu\/en\/wp-json\/wp\/v2\/media\/36577"}],"wp:attachment":[{"href":"https:\/\/agropartner.marketing-store.hu\/en\/wp-json\/wp\/v2\/media?parent=36576"}],"wp:term":[{"taxonomy":"product_brand","embeddable":true,"href":"https:\/\/agropartner.marketing-store.hu\/en\/wp-json\/wp\/v2\/product_brand?post=36576"},{"taxonomy":"product_cat","embeddable":true,"href":"https:\/\/agropartner.marketing-store.hu\/en\/wp-json\/wp\/v2\/product_cat?post=36576"},{"taxonomy":"product_tag","embeddable":true,"href":"https:\/\/agropartner.marketing-store.hu\/en\/wp-json\/wp\/v2\/product_tag?post=36576"}],"curies":[{"name":"wp","href":"https:\/\/api.w.org\/{rel}","templated":true}]}}