{"id":36470,"date":"2025-07-01T11:01:43","date_gmt":"2025-07-01T09:01:43","guid":{"rendered":"https:\/\/agropartner.marketing-store.hu\/?post_type=product&#038;p=36470"},"modified":"2025-07-01T11:01:44","modified_gmt":"2025-07-01T09:01:44","slug":"john-deere-852-balazo","status":"publish","type":"product","link":"https:\/\/agropartner.marketing-store.hu\/en\/termek\/john-deere-852-balazo\/","title":{"rendered":"John Deere 852 b\u00e1l\u00e1z\u00f3"},"content":{"rendered":"","protected":false},"excerpt":{"rendered":"<p>John Deere monitor, h\u00e1l\u00f3s k\u00f6t\u00f6z\u00e9s,6 db v\u00e9gtelen\u00edtett heveder, \u00f6ssz.: 22.000 db b\u00e1la, g\u00f6rg\u0151s term\u00e9nyleszor\u00edt\u00f3<\/p>\n","protected":false},"featured_media":36471,"comment_status":"open","ping_status":"closed","template":"","meta":{"_acf_changed":false},"product_brand":[],"product_cat":[73],"product_tag":[],"class_list":{"0":"post-36470","1":"product","2":"type-product","3":"status-publish","4":"has-post-thumbnail","6":"product_cat-balazo","8":"first","9":"instock","10":"shipping-taxable","11":"purchasable","12":"product-type-simple"},"acf":[],"_links":{"self":[{"href":"https:\/\/agropartner.marketing-store.hu\/en\/wp-json\/wp\/v2\/product\/36470","targetHints":{"allow":["GET"]}}],"collection":[{"href":"https:\/\/agropartner.marketing-store.hu\/en\/wp-json\/wp\/v2\/product"}],"about":[{"href":"https:\/\/agropartner.marketing-store.hu\/en\/wp-json\/wp\/v2\/types\/product"}],"replies":[{"embeddable":true,"href":"https:\/\/agropartner.marketing-store.hu\/en\/wp-json\/wp\/v2\/comments?post=36470"}],"wp:featuredmedia":[{"embeddable":true,"href":"https:\/\/agropartner.marketing-store.hu\/en\/wp-json\/wp\/v2\/media\/36471"}],"wp:attachment":[{"href":"https:\/\/agropartner.marketing-store.hu\/en\/wp-json\/wp\/v2\/media?parent=36470"}],"wp:term":[{"taxonomy":"product_brand","embeddable":true,"href":"https:\/\/agropartner.marketing-store.hu\/en\/wp-json\/wp\/v2\/product_brand?post=36470"},{"taxonomy":"product_cat","embeddable":true,"href":"https:\/\/agropartner.marketing-store.hu\/en\/wp-json\/wp\/v2\/product_cat?post=36470"},{"taxonomy":"product_tag","embeddable":true,"href":"https:\/\/agropartner.marketing-store.hu\/en\/wp-json\/wp\/v2\/product_tag?post=36470"}],"curies":[{"name":"wp","href":"https:\/\/api.w.org\/{rel}","templated":true}]}}