{"id":35523,"date":"2025-06-18T13:32:47","date_gmt":"2025-06-18T11:32:47","guid":{"rendered":"https:\/\/agropartner.marketing-store.hu\/?post_type=product&#038;p=35523"},"modified":"2025-06-26T12:45:05","modified_gmt":"2025-06-26T10:45:05","slug":"john-deere-8600-silozo","status":"publish","type":"product","link":"https:\/\/agropartner.marketing-store.hu\/en\/termek\/john-deere-8600-silozo\/","title":{"rendered":"John Deere 8600 sil\u00f3z\u00f3"},"content":{"rendered":"","protected":false},"excerpt":{"rendered":"<p>Ak\u00e1r L\u00cdZINGRE 10%+\u00c1FA \u00d6NER\u0150VEL!, 8 soros f\u00fcggetlen kukoricaadapter, rendfelszed\u0151, Disces szemroppant\u00f3, AutoTrac ready, 800-as Michelin gumiz\u00e1s, k\u00f6zponti zs\u00edrz\u00e1s<\/p>\n","protected":false},"featured_media":35524,"comment_status":"open","ping_status":"closed","template":"","meta":{"_acf_changed":false},"product_brand":[],"product_cat":[35],"product_tag":[],"class_list":{"0":"post-35523","1":"product","2":"type-product","3":"status-publish","4":"has-post-thumbnail","6":"product_cat-kombajn","8":"first","9":"instock","10":"shipping-taxable","11":"purchasable","12":"product-type-simple"},"acf":[],"_links":{"self":[{"href":"https:\/\/agropartner.marketing-store.hu\/en\/wp-json\/wp\/v2\/product\/35523","targetHints":{"allow":["GET"]}}],"collection":[{"href":"https:\/\/agropartner.marketing-store.hu\/en\/wp-json\/wp\/v2\/product"}],"about":[{"href":"https:\/\/agropartner.marketing-store.hu\/en\/wp-json\/wp\/v2\/types\/product"}],"replies":[{"embeddable":true,"href":"https:\/\/agropartner.marketing-store.hu\/en\/wp-json\/wp\/v2\/comments?post=35523"}],"wp:featuredmedia":[{"embeddable":true,"href":"https:\/\/agropartner.marketing-store.hu\/en\/wp-json\/wp\/v2\/media\/35524"}],"wp:attachment":[{"href":"https:\/\/agropartner.marketing-store.hu\/en\/wp-json\/wp\/v2\/media?parent=35523"}],"wp:term":[{"taxonomy":"product_brand","embeddable":true,"href":"https:\/\/agropartner.marketing-store.hu\/en\/wp-json\/wp\/v2\/product_brand?post=35523"},{"taxonomy":"product_cat","embeddable":true,"href":"https:\/\/agropartner.marketing-store.hu\/en\/wp-json\/wp\/v2\/product_cat?post=35523"},{"taxonomy":"product_tag","embeddable":true,"href":"https:\/\/agropartner.marketing-store.hu\/en\/wp-json\/wp\/v2\/product_tag?post=35523"}],"curies":[{"name":"wp","href":"https:\/\/api.w.org\/{rel}","templated":true}]}}