{"id":35281,"date":"2025-06-18T11:39:11","date_gmt":"2025-06-18T09:39:11","guid":{"rendered":"https:\/\/agropartner.marketing-store.hu\/?post_type=product&#038;p=35281"},"modified":"2025-06-18T11:39:11","modified_gmt":"2025-06-18T09:39:11","slug":"berthoud-boxer-3000r-onjaro-permetezo","status":"publish","type":"product","link":"https:\/\/agropartner.marketing-store.hu\/en\/termek\/berthoud-boxer-3000r-onjaro-permetezo\/","title":{"rendered":"Berthoud Boxer 3000R \u00f6nj\u00e1r\u00f3 permetez\u0151"},"content":{"rendered":"","protected":false},"excerpt":{"rendered":"<p>30 m keret, 3000 lit. tart\u00e1ly, 25km\/h, automata szakaszol\u00e1s lehets\u00e9ges, kl\u00edma, 4 ker\u00e9k korm\u00e1nyz\u00e1s, 145 cm hasmagass\u00e1g, l\u00e9grug\u00f3s felf\u00fcggeszt\u00e9s<\/p>\n","protected":false},"featured_media":35282,"comment_status":"open","ping_status":"closed","template":"","meta":{"_acf_changed":false},"product_brand":[],"product_cat":[37],"product_tag":[],"class_list":{"0":"post-35281","1":"product","2":"type-product","3":"status-publish","4":"has-post-thumbnail","6":"product_cat-permetezo","8":"first","9":"instock","10":"shipping-taxable","11":"purchasable","12":"product-type-simple"},"acf":[],"_links":{"self":[{"href":"https:\/\/agropartner.marketing-store.hu\/en\/wp-json\/wp\/v2\/product\/35281","targetHints":{"allow":["GET"]}}],"collection":[{"href":"https:\/\/agropartner.marketing-store.hu\/en\/wp-json\/wp\/v2\/product"}],"about":[{"href":"https:\/\/agropartner.marketing-store.hu\/en\/wp-json\/wp\/v2\/types\/product"}],"replies":[{"embeddable":true,"href":"https:\/\/agropartner.marketing-store.hu\/en\/wp-json\/wp\/v2\/comments?post=35281"}],"wp:featuredmedia":[{"embeddable":true,"href":"https:\/\/agropartner.marketing-store.hu\/en\/wp-json\/wp\/v2\/media\/35282"}],"wp:attachment":[{"href":"https:\/\/agropartner.marketing-store.hu\/en\/wp-json\/wp\/v2\/media?parent=35281"}],"wp:term":[{"taxonomy":"product_brand","embeddable":true,"href":"https:\/\/agropartner.marketing-store.hu\/en\/wp-json\/wp\/v2\/product_brand?post=35281"},{"taxonomy":"product_cat","embeddable":true,"href":"https:\/\/agropartner.marketing-store.hu\/en\/wp-json\/wp\/v2\/product_cat?post=35281"},{"taxonomy":"product_tag","embeddable":true,"href":"https:\/\/agropartner.marketing-store.hu\/en\/wp-json\/wp\/v2\/product_tag?post=35281"}],"curies":[{"name":"wp","href":"https:\/\/api.w.org\/{rel}","templated":true}]}}