{"id":29280,"date":"2025-05-20T08:35:39","date_gmt":"2025-05-20T06:35:39","guid":{"rendered":"https:\/\/agropartner.marketing-store.hu\/?post_type=product&#038;p=29280"},"modified":"2025-07-04T08:54:32","modified_gmt":"2025-07-04T06:54:32","slug":"ford-ranger","status":"publish","type":"product","link":"https:\/\/agropartner.marketing-store.hu\/en\/termek\/ford-ranger\/","title":{"rendered":"Ford Ranger"},"content":{"rendered":"","protected":false},"excerpt":{"rendered":"<p>Wildtrack legmagasabb felszerelts\u00e9g! 3,2 literes 200 Le motor, plat\u00f3b\u00e9l\u00e9ssel \u2013 rol\u00f3val, manu\u00e1lis 6 fokozat\u00fa sebess\u00e9gv\u00e1lt\u00f3<\/p>\n","protected":false},"featured_media":29281,"comment_status":"open","ping_status":"closed","template":"","meta":{"_acf_changed":false},"product_brand":[],"product_cat":[15],"product_tag":[],"class_list":{"0":"post-29280","1":"product","2":"type-product","3":"status-publish","4":"has-post-thumbnail","6":"product_cat-egyeb","8":"first","9":"instock","10":"shipping-taxable","11":"purchasable","12":"product-type-simple"},"acf":[],"_links":{"self":[{"href":"https:\/\/agropartner.marketing-store.hu\/en\/wp-json\/wp\/v2\/product\/29280","targetHints":{"allow":["GET"]}}],"collection":[{"href":"https:\/\/agropartner.marketing-store.hu\/en\/wp-json\/wp\/v2\/product"}],"about":[{"href":"https:\/\/agropartner.marketing-store.hu\/en\/wp-json\/wp\/v2\/types\/product"}],"replies":[{"embeddable":true,"href":"https:\/\/agropartner.marketing-store.hu\/en\/wp-json\/wp\/v2\/comments?post=29280"}],"wp:featuredmedia":[{"embeddable":true,"href":"https:\/\/agropartner.marketing-store.hu\/en\/wp-json\/wp\/v2\/media\/29281"}],"wp:attachment":[{"href":"https:\/\/agropartner.marketing-store.hu\/en\/wp-json\/wp\/v2\/media?parent=29280"}],"wp:term":[{"taxonomy":"product_brand","embeddable":true,"href":"https:\/\/agropartner.marketing-store.hu\/en\/wp-json\/wp\/v2\/product_brand?post=29280"},{"taxonomy":"product_cat","embeddable":true,"href":"https:\/\/agropartner.marketing-store.hu\/en\/wp-json\/wp\/v2\/product_cat?post=29280"},{"taxonomy":"product_tag","embeddable":true,"href":"https:\/\/agropartner.marketing-store.hu\/en\/wp-json\/wp\/v2\/product_tag?post=29280"}],"curies":[{"name":"wp","href":"https:\/\/api.w.org\/{rel}","templated":true}]}}