{"id":26858,"date":"2025-05-14T14:17:14","date_gmt":"2025-05-14T12:17:14","guid":{"rendered":"https:\/\/agropartner.marketing-store.hu\/?post_type=product&#038;p=26858"},"modified":"2025-05-14T14:17:14","modified_gmt":"2025-05-14T12:17:14","slug":"kverneland-accord-optima","status":"publish","type":"product","link":"https:\/\/agropartner.marketing-store.hu\/en\/termek\/kverneland-accord-optima\/","title":{"rendered":"Kverneland Accord Optima"},"content":{"rendered":"","protected":false},"excerpt":{"rendered":"<p>12 soros mechanikus j\u00e1r\u00f3ker\u00e9k meghajt\u00e1s\u00fa szemenk\u00e9nti vet\u0151g\u00e9p, kukorica\/napraforg\u00f3 vet\u0151t\u00e1rcs\u00e1k, Digitroll Seed Master Plus vet\u00e9sellen\u0151rz\u0151<\/p>\n","protected":false},"featured_media":26859,"comment_status":"open","ping_status":"closed","template":"","meta":{"_acf_changed":false},"product_brand":[],"product_cat":[28],"product_tag":[],"class_list":{"0":"post-26858","1":"product","2":"type-product","3":"status-publish","4":"has-post-thumbnail","6":"product_cat-munkagepek","8":"first","9":"instock","10":"shipping-taxable","11":"purchasable","12":"product-type-simple"},"acf":[],"_links":{"self":[{"href":"https:\/\/agropartner.marketing-store.hu\/en\/wp-json\/wp\/v2\/product\/26858","targetHints":{"allow":["GET"]}}],"collection":[{"href":"https:\/\/agropartner.marketing-store.hu\/en\/wp-json\/wp\/v2\/product"}],"about":[{"href":"https:\/\/agropartner.marketing-store.hu\/en\/wp-json\/wp\/v2\/types\/product"}],"replies":[{"embeddable":true,"href":"https:\/\/agropartner.marketing-store.hu\/en\/wp-json\/wp\/v2\/comments?post=26858"}],"wp:featuredmedia":[{"embeddable":true,"href":"https:\/\/agropartner.marketing-store.hu\/en\/wp-json\/wp\/v2\/media\/26859"}],"wp:attachment":[{"href":"https:\/\/agropartner.marketing-store.hu\/en\/wp-json\/wp\/v2\/media?parent=26858"}],"wp:term":[{"taxonomy":"product_brand","embeddable":true,"href":"https:\/\/agropartner.marketing-store.hu\/en\/wp-json\/wp\/v2\/product_brand?post=26858"},{"taxonomy":"product_cat","embeddable":true,"href":"https:\/\/agropartner.marketing-store.hu\/en\/wp-json\/wp\/v2\/product_cat?post=26858"},{"taxonomy":"product_tag","embeddable":true,"href":"https:\/\/agropartner.marketing-store.hu\/en\/wp-json\/wp\/v2\/product_tag?post=26858"}],"curies":[{"name":"wp","href":"https:\/\/api.w.org\/{rel}","templated":true}]}}